{"id":207,"date":"2015-04-15T18:57:50","date_gmt":"2015-04-15T16:57:50","guid":{"rendered":"http:\/\/genser-reisen.at\/wp-genser\/?page_id=207"},"modified":"2015-04-24T19:04:53","modified_gmt":"2015-04-24T17:04:53","slug":"team","status":"publish","type":"page","link":"https:\/\/genser-reisen.at\/wp-genser\/team\/","title":{"rendered":"Team"},"content":{"rendered":"<p>Genser Reisen stellt sich vor.<\/p>\n<p><a  href=\"https:\/\/genser-reisen.at\/wp-genser\/wp-content\/uploads\/2015\/04\/ow6656.jpg\" data-rel=\"lightbox-gallery-0\" data-rl_title=\"\" data-rl_caption=\"\" title=\"\"><img loading=\"lazy\" decoding=\"async\" class=\"alignleft wp-image-395 size-medium\" src=\"https:\/\/genser-reisen.at\/wp-genser\/wp-content\/uploads\/2015\/04\/ow6656-200x300.jpg\" alt=\"\" width=\"200\" height=\"300\" srcset=\"https:\/\/genser-reisen.at\/wp-genser\/wp-content\/uploads\/2015\/04\/ow6656-200x300.jpg 200w, https:\/\/genser-reisen.at\/wp-genser\/wp-content\/uploads\/2015\/04\/ow6656-683x1024.jpg 683w, https:\/\/genser-reisen.at\/wp-genser\/wp-content\/uploads\/2015\/04\/ow6656.jpg 800w\" sizes=\"auto, (max-width: 200px) 100vw, 200px\" \/><\/a>Genser J\u00fcrgen<br \/>\nGesch\u00e4ftsf\u00fchrer<br \/>\n<a href=\"mailto:office@genser-reisen.at\">office@genser-reisen.at<\/a><br \/>\n<a href=\"tel:06641344466\">0664 13 44 466<\/a><\/p>\n<p>&nbsp;<\/p>\n<p>&nbsp;<\/p>\n<p>&nbsp;<\/p>\n<p><a  href=\"https:\/\/genser-reisen.at\/wp-genser\/wp-content\/uploads\/2015\/04\/ow6656.jpg\" data-rel=\"lightbox-gallery-0\" data-rl_title=\"\" data-rl_caption=\"\" title=\"\"><img loading=\"lazy\" decoding=\"async\" class=\"alignleft size-medium wp-image-395\" src=\"https:\/\/genser-reisen.at\/wp-genser\/wp-content\/uploads\/2015\/04\/ow6656-200x300.jpg\" alt=\"Harry &amp; J\u00fcrgen\" width=\"200\" height=\"300\" srcset=\"https:\/\/genser-reisen.at\/wp-genser\/wp-content\/uploads\/2015\/04\/ow6656-200x300.jpg 200w, https:\/\/genser-reisen.at\/wp-genser\/wp-content\/uploads\/2015\/04\/ow6656-683x1024.jpg 683w, https:\/\/genser-reisen.at\/wp-genser\/wp-content\/uploads\/2015\/04\/ow6656.jpg 800w\" sizes=\"auto, (max-width: 200px) 100vw, 200px\" \/><\/a>Genser Harry<br \/>\nGesch\u00e4ftsf\u00fchrer<br \/>\n<a href=\"mailto:office@genser-reisen.at\">office@genser-reisen.at<\/a><br \/>\n<a href=\"tel:06645250056\">0664\u00a052 500 56<\/a><\/p>\n<p>&nbsp;<\/p>\n","protected":false},"excerpt":{"rendered":"<p>Genser Reisen stellt sich vor. Genser J\u00fcrgen Gesch\u00e4ftsf\u00fchrer office@genser-reisen.at 0664 13 44 466 &nbsp; &nbsp; &nbsp; Genser Harry Gesch\u00e4ftsf\u00fchrer office@genser-reisen.at 0664\u00a052 500 56 &nbsp;<\/p>\n","protected":false},"author":1,"featured_media":0,"parent":0,"menu_order":0,"comment_status":"closed","ping_status":"closed","template":"","meta":{"footnotes":""},"class_list":["post-207","page","type-page","status-publish","hentry"],"_links":{"self":[{"href":"https:\/\/genser-reisen.at\/wp-genser\/wp-json\/wp\/v2\/pages\/207","targetHints":{"allow":["GET"]}}],"collection":[{"href":"https:\/\/genser-reisen.at\/wp-genser\/wp-json\/wp\/v2\/pages"}],"about":[{"href":"https:\/\/genser-reisen.at\/wp-genser\/wp-json\/wp\/v2\/types\/page"}],"author":[{"embeddable":true,"href":"https:\/\/genser-reisen.at\/wp-genser\/wp-json\/wp\/v2\/users\/1"}],"replies":[{"embeddable":true,"href":"https:\/\/genser-reisen.at\/wp-genser\/wp-json\/wp\/v2\/comments?post=207"}],"version-history":[{"count":4,"href":"https:\/\/genser-reisen.at\/wp-genser\/wp-json\/wp\/v2\/pages\/207\/revisions"}],"predecessor-version":[{"id":430,"href":"https:\/\/genser-reisen.at\/wp-genser\/wp-json\/wp\/v2\/pages\/207\/revisions\/430"}],"wp:attachment":[{"href":"https:\/\/genser-reisen.at\/wp-genser\/wp-json\/wp\/v2\/media?parent=207"}],"curies":[{"name":"wp","href":"https:\/\/api.w.org\/{rel}","templated":true}]}}