{"id":205,"date":"2015-04-15T18:57:32","date_gmt":"2015-04-15T16:57:32","guid":{"rendered":"http:\/\/genser-reisen.at\/wp-genser\/?page_id=205"},"modified":"2015-04-26T22:13:10","modified_gmt":"2015-04-26T20:13:10","slug":"geschichte","status":"publish","type":"page","link":"https:\/\/genser-reisen.at\/wp-genser\/geschichte\/","title":{"rendered":"Geschichte"},"content":{"rendered":"<h2>Genser Reisen &#8211; der Familienbetrieb<\/h2>\n<p>1956 von Johann und Maria Genser in Bad Gleichenberg gegr\u00fcndet. Mit dem 1. VW-Bus mit Panoramascheibe wurden bereits Ausfl\u00fcge zu den sch\u00f6nsten Pl\u00e4tzen in der Steiermark aber auch ins benachbarte Slowenien und Ungarn organisiert, woran sich die G\u00e4ste schon damals erfreuten.<\/p>\n<p>Im Jahr 1978 \u00fcbernahm ihr Sohn Alois Genser den Betrieb, den er gemeinsam mit seiner Frau Magret Genser 35 Jahre lang mit gro\u00dfem Einsatz und viel Leidenschaft f\u00fchrte. Unter Mithilfe seiner Br\u00fcder Johann und Erich Genser vergr\u00f6\u00dferte sich der Betrieb zu einem Busunternehmen und einem Reiseb\u00fcro mit insgesamt 9 Fahrzeugen.<\/p>\n<h3>01. Juni 2013<\/h3>\n<p>Seit 2013 f\u00fchrt das Br\u00fcderpaar J\u00fcrgen und Harry Genser den Betrieb, mittlerweile schon in der 3. Generation. Mit der Unterst\u00fctzung von unserem gesamten Team sind wir stets bem\u00fcht den W\u00fcnschen unserer Kunden gerecht zu werden.<\/p>\n<div id='gallery-1' class='gallery galleryid-205 gallery-columns-3 gallery-size-thumbnail'><figure class='gallery-item'>\n\t\t\t<div class='gallery-icon landscape'>\n\t\t\t\t<a href='https:\/\/genser-reisen.at\/wp-genser\/wp-content\/uploads\/2015\/04\/history01.jpg' title=\"\" data-rl_title=\"\" class=\"rl-gallery-link\" data-rl_caption=\"\" data-rel=\"lightbox-gallery-1\"><img loading=\"lazy\" decoding=\"async\" width=\"150\" height=\"150\" src=\"https:\/\/genser-reisen.at\/wp-genser\/wp-content\/uploads\/2015\/04\/history01-150x150.jpg\" class=\"attachment-thumbnail size-thumbnail\" alt=\"\" \/><\/a>\n\t\t\t<\/div><\/figure><figure class='gallery-item'>\n\t\t\t<div class='gallery-icon landscape'>\n\t\t\t\t<a href='https:\/\/genser-reisen.at\/wp-genser\/wp-content\/uploads\/2015\/04\/history02.jpg' title=\"\" data-rl_title=\"\" class=\"rl-gallery-link\" data-rl_caption=\"\" data-rel=\"lightbox-gallery-1\"><img loading=\"lazy\" decoding=\"async\" width=\"150\" height=\"150\" src=\"https:\/\/genser-reisen.at\/wp-genser\/wp-content\/uploads\/2015\/04\/history02-150x150.jpg\" class=\"attachment-thumbnail size-thumbnail\" alt=\"\" \/><\/a>\n\t\t\t<\/div><\/figure><figure class='gallery-item'>\n\t\t\t<div class='gallery-icon portrait'>\n\t\t\t\t<a href='https:\/\/genser-reisen.at\/wp-genser\/wp-content\/uploads\/2015\/04\/ow6656.jpg' title=\"\" data-rl_title=\"\" class=\"rl-gallery-link\" data-rl_caption=\"\" data-rel=\"lightbox-gallery-1\"><img loading=\"lazy\" decoding=\"async\" width=\"150\" height=\"150\" src=\"https:\/\/genser-reisen.at\/wp-genser\/wp-content\/uploads\/2015\/04\/ow6656-150x150.jpg\" class=\"attachment-thumbnail size-thumbnail\" alt=\"\" \/><\/a>\n\t\t\t<\/div><\/figure><figure class='gallery-item'>\n\t\t\t<div class='gallery-icon landscape'>\n\t\t\t\t<a href='https:\/\/genser-reisen.at\/wp-genser\/wp-content\/uploads\/2015\/04\/ow6751.jpg' title=\"\" data-rl_title=\"\" class=\"rl-gallery-link\" data-rl_caption=\"\" data-rel=\"lightbox-gallery-1\"><img loading=\"lazy\" decoding=\"async\" width=\"150\" height=\"150\" src=\"https:\/\/genser-reisen.at\/wp-genser\/wp-content\/uploads\/2015\/04\/ow6751-150x150.jpg\" class=\"attachment-thumbnail size-thumbnail\" alt=\"\" \/><\/a>\n\t\t\t<\/div><\/figure><figure class='gallery-item'>\n\t\t\t<div class='gallery-icon landscape'>\n\t\t\t\t<a href='https:\/\/genser-reisen.at\/wp-genser\/wp-content\/uploads\/2015\/04\/ow6887.jpg' title=\"\" data-rl_title=\"\" class=\"rl-gallery-link\" data-rl_caption=\"\" data-rel=\"lightbox-gallery-1\"><img loading=\"lazy\" decoding=\"async\" width=\"150\" height=\"150\" src=\"https:\/\/genser-reisen.at\/wp-genser\/wp-content\/uploads\/2015\/04\/ow6887-150x150.jpg\" class=\"attachment-thumbnail size-thumbnail\" alt=\"\" \/><\/a>\n\t\t\t<\/div><\/figure>\n\t\t<\/div>\n\n","protected":false},"excerpt":{"rendered":"<p>Genser Reisen &#8211; der Familienbetrieb 1956 von Johann und Maria Genser in Bad Gleichenberg gegr\u00fcndet. Mit dem 1. VW-Bus mit Panoramascheibe wurden bereits Ausfl\u00fcge zu den sch\u00f6nsten Pl\u00e4tzen in der Steiermark aber auch ins benachbarte Slowenien und Ungarn organisiert, woran sich die G\u00e4ste schon damals erfreuten. Im Jahr 1978 \u00fcbernahm ihr Sohn Alois Genser den <a class=\"read-more mod-post\" href=\"https:\/\/genser-reisen.at\/wp-genser\/geschichte\/\">Mehr lesen<\/a> &rarr;<\/p>\n","protected":false},"author":1,"featured_media":0,"parent":0,"menu_order":0,"comment_status":"closed","ping_status":"closed","template":"","meta":{"footnotes":""},"class_list":["post-205","page","type-page","status-publish","hentry"],"_links":{"self":[{"href":"https:\/\/genser-reisen.at\/wp-genser\/wp-json\/wp\/v2\/pages\/205","targetHints":{"allow":["GET"]}}],"collection":[{"href":"https:\/\/genser-reisen.at\/wp-genser\/wp-json\/wp\/v2\/pages"}],"about":[{"href":"https:\/\/genser-reisen.at\/wp-genser\/wp-json\/wp\/v2\/types\/page"}],"author":[{"embeddable":true,"href":"https:\/\/genser-reisen.at\/wp-genser\/wp-json\/wp\/v2\/users\/1"}],"replies":[{"embeddable":true,"href":"https:\/\/genser-reisen.at\/wp-genser\/wp-json\/wp\/v2\/comments?post=205"}],"version-history":[{"count":7,"href":"https:\/\/genser-reisen.at\/wp-genser\/wp-json\/wp\/v2\/pages\/205\/revisions"}],"predecessor-version":[{"id":426,"href":"https:\/\/genser-reisen.at\/wp-genser\/wp-json\/wp\/v2\/pages\/205\/revisions\/426"}],"wp:attachment":[{"href":"https:\/\/genser-reisen.at\/wp-genser\/wp-json\/wp\/v2\/media?parent=205"}],"curies":[{"name":"wp","href":"https:\/\/api.w.org\/{rel}","templated":true}]}}