{"id":1763,"date":"2019-02-19T12:52:57","date_gmt":"2019-02-19T11:52:57","guid":{"rendered":"http:\/\/genser-reisen.at\/wp-genser\/?page_id=1763"},"modified":"2019-02-19T12:52:57","modified_gmt":"2019-02-19T11:52:57","slug":"datenschutz","status":"publish","type":"page","link":"https:\/\/genser-reisen.at\/wp-genser\/datenschutz\/","title":{"rendered":"Datenschutz"},"content":{"rendered":"<h2>Datenschutzerkl\u00e4rung<\/h2>\n<p>Der Schutz Ihrer personenbezogenen Daten ist uns ein besonderes Anliegen. Daher halten wir uns beim Erheben und Verarbeiten Ihrer personenbezogenen Daten streng an die gesetzlichen Vorgaben (DSGVO und DSG-Anpassungsgesetz 2018). Nachfolgend wollen wir Sie ausf\u00fchrlich \u00fcber den Umfang und den Zweck unserer Datenverarbeitung sowie Ihre Rechte als Betroffene bzw Betroffener der Datenverarbeitung informieren.<\/p>\n<p>Es werden nur solche personenbezogenen Daten erhoben, die f\u00fcr die Durchf\u00fchrung und Abwicklung unserer gesch\u00e4ftlichen und vertraglichen Beziehung erforderlich sind und\/oder dies gesetzlich erlaubt ist oder die Sie uns freiwillig zur Verf\u00fcgung gestellt haben.<\/p>\n<h3>1. Personenbezogene Daten<\/h3>\n<p>Personenbezogene Daten sind alle Daten, die Einzelangaben \u00fcber pers\u00f6nliche oder sachliche Verh\u00e4ltnisse enthalten, beispielsweise Name, Anschrift, Emailadresse, Telefonnummer, Geburtsdatum, Alter, Geschlecht, IP-Adresse, Sozialversicherungsnummer, Videoaufzeichnungen, Fotos, Stimmaufnahmen von Personen sowie biometrische Daten wie etwa Fingerabdr\u00fccke. Auch sensible Daten, wie Gesundheitsdaten oder Daten im Zusammenhang mit einem Strafverfahren k\u00f6nnen mitumfasst sein.<\/p>\n<h3>2. Rechtliche Grundlage f\u00fcr die Verarbeitung<\/h3>\n<ol>\n<li>Die Erf\u00fcllung von Vertr\u00e4gen mit unseren Kunden und Lieferanten.<\/li>\n<li>Verarbeitung zur Erf\u00fcllung einer rechtlichen Verpflichtung.<\/li>\n<li>Einwilligung zur Verarbeitung durch die betroffene Person.<\/li>\n<li>Wenn die Verarbeitung zur Wahrung der \u00fcberwiegenden berechtigten Interessen unseres Unternehmens oder Dritten erforderlich ist.<\/li>\n<\/ol>\n<h3>3. Zweck der Datenverarbeitung<\/h3>\n<p>Wir werden Ihre personenbezogenen Daten zu folgenden Zwecken erfassen und verarbeiten:<br \/>\n\u2022 Abwicklung der vertraglichen Verpflichtungen und Verwaltung der laufenden Gesch\u00e4ftsbeziehung zwischen unserem Unternehmen und Ihnen (z.B. Abwicklung von Werkvertr\u00e4gen, Bestellungen, Dienstleistungen, Lieferungen, Dauerschuldverh\u00e4ltnisse, etc.; Kundendienst, Account-Management, sicherheitsrelevante Mitteilungen, Produktinformationen, Rechnungswesen und Zahlungsverkehr, Nachfolgeplanung, Leistungsbeurteilung, Support, etc.)<\/p>\n<ul>\n<li>Zur Bewertung ihrer Bonit\u00e4t<\/li>\n<li>Die Zurverf\u00fcgungstellung dieser Website und Verbesserung und Weiterentwicklung derselben<\/li>\n<li>Absicherung unserer Website(s), Netzwerke, EDV-Systeme, etc.<\/li>\n<li>Registrierung<\/li>\n<li>Newsletter-Versendung<\/li>\n<li>Zusenden von Informationsmaterial und Werbung<\/li>\n<li>Abwicklung von Gewinnspielen<\/li>\n<li>Die Beantwortung von Anfragen<\/li>\n<li>Erstellung von Nutzerstatistiken<\/li>\n<\/ul>\n<h3>4. Daten\u00fcbermittlung<\/h3>\n<p>Eine \u00dcbermittlung Ihrer Daten an Dritte findet grunds\u00e4tzlich nicht statt, es sei denn, wir sind gesetzlich dazu verpflichtet, die Datenweitergabe ist zur Durchf\u00fchrung des Vertragsverh\u00e4ltnisses erforderlich oder Sie haben zuvor ausdr\u00fccklich in die Weitergabe Ihrer Daten eingewilligt.<\/p>\n<p>Zur Erf\u00fcllung der vertraglichen Verpflichtungen kann es gelegentlich vorkommen, dass wir Dritte damit beauftragen, Dienstleistungen und Funktionen in unserem Namen bereitzustellen und durchzuf\u00fchren. Damit diese Drittparteien dazu in der Lage sind, ist es m\u00f6glicherweise erforderlich, Ihre Daten an diese Dritten (z.B. Subauftragnehmer, Spedition, Versicherung, Gericht, Steuerberater, etc.) weiterzuleiten. Eine Weiterleitung Ihrer Daten erfolgt ausschlie\u00dflich auf Grundlage der DSGVO.<\/p>\n<p>Ihre personenbezogenen Daten werden nicht an Dritte ver\u00e4u\u00dfert oder anderweitig vermarktet.<\/p>\n<p>Manche der oben genannten Empf\u00e4nger Ihrer personenbezogenen Daten befinden sich au\u00dferhalb Ihres Landes oder verarbeiten dort Ihre personenbezogenen Daten. Das Datenschutzniveau in anderen L\u00e4ndern entspricht unter Umst\u00e4nden nicht dem \u00d6sterreichs. Wir \u00fcbermitteln Ihre personenbezogenen Daten jedoch nur in L\u00e4nder, f\u00fcr welche die EU-Kommission entschieden hat, dass sie \u00fcber ein angemessenes Datenschutzniveau verf\u00fcgen oder wir setzen Ma\u00dfnahmen, um zu gew\u00e4hrleisten, dass alle Empf\u00e4nger ein angemessenes Datenschutzniveau haben wozu wir Standardvertragsklauseln (2010\/87\/EC und\/oder 2004\/915\/EC) abschlie\u00dfen.<\/p>\n<h3>5. Speicherdauer<\/h3>\n<p>Wir werden Daten nicht l\u00e4nger aufbewahren als dies zur Erf\u00fcllung unserer vertraglichen bzw. gesetzlichen Verpflichtungen und zur Abwehr allf\u00e4lliger Haftungsanspr\u00fcche erforderlich ist.<\/p>\n<p>Im Falle eines Vertragsabschlusses werden Ihre personenbezogenen Daten nach vollst\u00e4ndiger Vertragsabwicklung bis zum Ablauf der f\u00fcr uns geltenden Garantie-, Gew\u00e4hrleistungs-, Verj\u00e4hrungs- und gesetzlichen Aufbewahrungsfristen, dar\u00fcber hinaus bis zur Beendigung von allf\u00e4lligen Rechtsstreitigkeiten, bei denen die Daten als Beweis ben\u00f6tigt werden, gespeichert.<\/p>\n<h3>6. Grundsatz der anonymen Nutzung unserer Website(s)<\/h3>\n<p>Die Nutzung unserer Website(s) ist grunds\u00e4tzlich ohne Angabe von personenbezogenen Daten m\u00f6glich. F\u00fcr die Nutzung einzelner Services k\u00f6nnen sich jedoch abweichende Regelungen ergeben, auf die wir Sie gesondert hinweisen.<\/p>\n<p>Bei Aufruf unserer Webseite(s) werden Informationen, wie z.B. Ihre IP-Adresse, an uns \u00fcbertragen. Diese Informationen geben Auskunft \u00fcber das genutzte Endger\u00e4t (Computer, Smartphone, Tablet etc.), den verwendeten Browser (Internetexplorer, Safari, Firefox etc.), den Zeitpunkt des Zugriffs auf unsere Website, die \u00fcbertragenen Datenmengen und \u00c4hnliches. Diese Daten werden von uns nicht dazu verwendet, den einzelnen Nutzer zu identifizieren. Die Informationen dienen lediglich dazu, die Attraktivit\u00e4t unserer Webseite(s) zu ermitteln, und deren Inhalte laufend zu verbessern und f\u00fcr Sie noch interessanter zu gestalten. Der Vollst\u00e4ndigkeit halber weisen wir jedoch darauf hin, dass es im Falle statischer IP-Adresse grunds\u00e4tzlich m\u00f6glich ist, \u00fcber eine RIPE-Abfrage einen Personenbezug herzustellen. Solche RIPE-Abfragen werden von uns nicht durchgef\u00fchrt.<\/p>\n<h3>7. Cookies<\/h3>\n<p>Diese Website verwendet \u201eCookies\u201c, um unser Angebot nutzerfreundlicher, effektiver und sicherer zu gestalten.<\/p>\n<p>Ein \u201eCookie\u201c ist eine kleine Textdatei, die wir \u00fcber unseren Web-Server an die Cookie-Datei des Browsers auf die Festplatte Ihres Computers \u00fcbermitteln. Damit wird es unserer Website erm\u00f6glicht, Sie als Nutzer wiederzuerkennen, wenn eine Verbindung zwischen unserem Web-Server und Ihrem Browser hergestellt wird. Cookies helfen uns dabei, die Nutzungsh\u00e4ufigkeit und die Anzahl der Nutzer unserer Internetseiten zu ermitteln. Der Inhalt der von uns verwendeten Cookies beschr\u00e4nkt sich auf eine Identifikationsnummer, die keine Personenbeziehbarkeit mehr auf den Nutzer zul\u00e4sst. Der Hauptzweck eines Cookies ist die Erkennung der Besucher der Website.<\/p>\n<p>Zwei Arten von Cookies werden auf dieser Website verwendet:<\/p>\n<ul>\n<li>Session Cookies: Das sind tempor\u00e4re Cookies, die bis zum Verlassen unserer Website in der Cookie-Datei Ihres Browsers verweilen und nach Ende Ihres Besuchs automatisch gel\u00f6scht werden.<\/li>\n<li>Dauerhafte Cookies: F\u00fcr eine bessere Benutzerfreundlichkeit bleiben Cookies auf Ihrem Endger\u00e4t gespeichert und erlauben es uns, Ihren Browser beim n\u00e4chsten Besuch wiederzuerkennen.<\/li>\n<\/ul>\n<p>Sie k\u00f6nnen Ihren Browser so einstellen, dass Sie \u00fcber das Setzen von Cookies informiert werden und Cookies nur im Einzelfall erlauben, die Annahme von Cookies f\u00fcr bestimmte F\u00e4lle oder generell ausschlie\u00dfen sowie das automatische L\u00f6schen der Cookies beim Schlie\u00dfen des Browsers aktivieren. Bei der Deaktivierung von Cookies kann die Funktionalit\u00e4t dieser Website eingeschr\u00e4nkt sein.<\/p>\n<p>Conversion-Tracking von Facebook: Unsere Website(s) verwenden unter Umst\u00e4nden das Conversion-Tracking-Pixel von Facebook Inc., 1601 S. California Ave., Palo Alto, CA 94304, USA (\u201eFacebook\u201c). Mittels dieses Tools lassen sich Aktionen von Nutzern nachverfolgen, die \u00fcber eine Facebook-Anzeige auf die Website des Anbieters gelangt sind. Dadurch k\u00f6nnen wir die Wirksamkeit von Facebook-Werbung zu statistischen und Marktforschungszwecken auswerten. Die erfassten Daten bleiben anonym, d. h., wir bekommen die personenbezogenen Daten der einzelnen Nutzer nicht zu Gesicht. Allerdings werden die erfassten Daten von Facebook gespeichert und verarbeitet. Facebook kann die Daten gem\u00e4\u00df seiner Datenrichtlinie zu eigenen Werbezwecken mit Ihrem Facebook-Konto verkn\u00fcpfen. Diese Richtlinie finden Sie hier: https:\/\/www.facebook.com\/about\/privacy\/.\u00a0 Conversion-Tracking erlaubt es Facebook und seinen Partnern, Ihnen Werbeanzeigen auf und au\u00dferhalb von Facebook anzuzeigen. Dar\u00fcber hinaus wird zu oben genannten Zwecken ein Cookie auf Ihrem Computer platziert. Nutzer m\u00fcssen mindestens 13 Jahre alt sein, um dem zuzustimmen. Um Ihre Zustimmung zur\u00fcckzuziehen, klicken Sie bitte hier: https:\/\/www.facebook.com\/ads\/website_custom_ audiences\/ .<\/p>\n<h3>8. WhatsApp<\/h3>\n<p>Bei Abwicklung der vertraglichen Verpflichtungen und Verwaltung der laufenden Gesch\u00e4ftsbeziehung zwischen unserem Unternehmen und Ihnen kann es vorkommen, dass wir sowohl mit Ihnen als auch intern in unserem Unternehmen \u00fcber WhatsApp kommunizieren und Daten wie z.B. Lichtbilder \u00fcbermitteln und austauschen. Wir verweisen in diesem Zusammenhang auf die Nutzungsbedingungen von WhatsApp,\u00a0 welche unter https:\/\/www.whatsapp.com\/legal\/?eea=1#terms-of-service abrufbar sind, so wie der Datenschutzrichtlinie unter https:\/\/www.whatsapp.com\/legal\/?eea=1#privacy-policy.<\/p>\n<h3>9. Server-Log-Files<\/h3>\n<p>Zur Optimierung dieser Website in Bezug auf die System-Performance, Benutzerfreundlichkeit und Bereitstellung von n\u00fctzlichen Informationen \u00fcber unsere Dienstleistungen erhebt und speichert der Provider der Website automatisch Informationen in so genannten Server-Log Files, die Ihr Browser automatisch an uns \u00fcbermittelt. Davon umfasst sind Ihre Internet-Protokoll Adresse (IP-Adresse), Browser und Spracheinstellung, Betriebssystem, Referrer URL, Ihr Internet Service Provider und Datum\/Uhrzeit.<\/p>\n<p>Eine Zusammenf\u00fchrung dieser Daten mit personenbezogenen Datenquellen wird nicht vorgenommen. Wir behalten uns vor, diese Daten nachtr\u00e4glich zu pr\u00fcfen, wenn uns konkrete Anhaltspunkte f\u00fcr eine rechtswidrige Nutzung bekannt werden.<\/p>\n<h3>10. Sicherheit<\/h3>\n<p>Der Schutz Ihrer personenbezogenen Daten erfolgt durch entsprechende organisatorische und technische Vorkehrungen. Diese Vorkehrungen betreffen insbesondere den Schutz vor unerlaubtem, rechtswidrigem oder auch zuf\u00e4lligem Zugriff, Verarbeitung, Verlust, Verwendung und Manipulation.<\/p>\n<p>Ungeachtet der Bem\u00fchungen der Einhaltung eines stets angemessen hohen Standes der Sorgfaltsanforderungen kann nicht ausgeschlossen werden, dass Informationen, die Sie uns \u00fcber das Internet bekannt geben, von anderen Personen eingesehen und genutzt werden.<\/p>\n<p>Bitte beachten Sie, dass wir daher keine wie immer geartete Haftung f\u00fcr die Offenlegung von Informationen aufgrund nicht von uns verursachter Fehler bei der Daten\u00fcbertragung und\/oder unautorisiertem Zugriff durch Dritte \u00fcbernehmen (z.B. Hackangriff auf Email-Account bzw. Telefon, Abfangen von Faxen).<\/p>\n<h3>11. Newsletter<\/h3>\n<p>Sie haben gegebenenfalls die M\u00f6glichkeit unseren kostenlosen Newsletter zu abonnieren. Mit diesem Newsletter erhalten Sie in regelm\u00e4\u00dfigen Abst\u00e4nden alle aktuellen Neuigkeiten und Informationen \u00fcber die neusten Aktionen und Angebote. F\u00fcr den Empfang des Newsletters ben\u00f6tigen Sie eine g\u00fcltige E-Mail-Adresse. Die von Ihnen eingetragene E-Mail-Adresse \u00fcberpr\u00fcfen wir dahingehend, ob Sie tats\u00e4chlich der Inhaber der angegebenen E-Mail-Adresse sind, bzw. deren Inhaber f\u00fcr den Empfang des Newsletters autorisiert ist. Dies erfolgt in der Weise dadurch, dass wir Ihnen an die von Ihnen genannte E-Mail-Adresse eine E-Mail schicken, deren Erhalt Sie dann best\u00e4tigen. Nach Best\u00e4tigung der E-Mail sind Sie f\u00fcr unseren Newsletter angemeldet.<\/p>\n<p>Mit Ihrer Anmeldung zum Newsletter speichern wir Ihre IP-Adresse, das Datum und die Uhrzeit Ihrer Anmeldung. Dies geschieht aus Sicherheitsgr\u00fcnden f\u00fcr den Fall, dass ein Dritter Ihre E-Mail-Adresse missbraucht und ohne Ihr Wissen unseren Newsletter abonniert. Weitere Daten werden von uns f\u00fcr das Newsletter-Abonnement nicht erhoben und verarbeitet, die Daten werden ausschlie\u00dflich f\u00fcr den Bezug des Newsletters verwendet.<\/p>\n<p>Den Bezug unserer Newsletters k\u00f6nnen Sie jederzeit abbestellen.<\/p>\n<h3>12. Ihre Rechte<\/h3>\n<p>Gem\u00e4\u00df der Datenschutz-Grundverordnung und dem Datenschutzgesetz stehen Ihnen als betroffene Person der Datenverarbeitung folgende Rechte und Rechtsbehelfe zu:<\/p>\n<ul>\n<li>Recht auf Auskunft:<br \/>\nSie haben als betroffene Person der Datenverarbeitung das Recht Auskunft dar\u00fcber zu verlangen, ob und wenn ja, welche personenbezogenen Daten \u00fcber sie verarbeitet werden. Zu Ihrem eigenen Schutz \u2013 damit niemand Fremder Auskunft \u00fcber Ihre Daten erh\u00e4lt \u2013 kann es erforderlich sein, dass wir ihre Identit\u00e4t in geeigneter Form nachpr\u00fcfen.<\/li>\n<li>Recht auf Berichtigung und L\u00f6schung:<br \/>\nSie haben das Recht unverz\u00fcglich die Berichtigung Sie betreffender unrichtiger personenbezogener Daten bzw \u2013 unter Ber\u00fccksichtigung der Zwecke der Datenverarbeitung \u2013 die Vervollst\u00e4ndigung unvollst\u00e4ndiger personenbezogener Daten sowie die L\u00f6schung Ihrer Daten zu verlangen.<\/li>\n<li>Recht auf Einschr\u00e4nkung der Verarbeitung:<br \/>\nSie haben das Recht auf Einschr\u00e4nkung der Verarbeitung s\u00e4mtlicher erhobener personenbezogener Daten. Diese Daten werden ab dem Einschr\u00e4nkungsantrag nur mehr mit individueller Einwilligung bzw zur Geltendmachung und Durchsetzung von Rechtsanspr\u00fcchen verarbeitet.<\/li>\n<li>Recht auf Daten\u00fcbertragbarkeit:<br \/>\nSie k\u00f6nnen die ungehinderte und uneingeschr\u00e4nkte \u00dcbermittlung erhobener personenbezogener Daten an einen Dritten verlangen.<\/li>\n<li>Widerspruchsrecht:<br \/>\nSie k\u00f6nnen aus Gr\u00fcnden, die sich aus ihrer besonderen Situation ergeben, jederzeit gegen die Verarbeitung Sie betreffender personenbezogener Daten, die zur Wahrung berechtigter Interessen des Verantwortlichen oder eines Dritten erforderlich sind, Widerspruch einlegen. Ihre Daten werden nach Widerspruch nicht mehr verarbeitet, es sei denn, es liegen zwingende schutzw\u00fcrdige Gr\u00fcnde f\u00fcr die Verarbeitung vor, die Ihre Interessen, Rechte und Freiheiten \u00fcberwiegen oder die Verarbeitung dient der Geltendmachung, Aus\u00fcbung oder Verteidigung von Rechtsanspr\u00fcchen.<\/li>\n<\/ul>\n<p>Gegen die Datenverarbeitung zum Zweck der Direktwerbung k\u00f6nnen Sie jederzeit Widerspruch mit Wirkung f\u00fcr die Zukunft erheben.<\/p>\n<p><strong>Rechtsbehelfe<\/strong><br \/>\nF\u00fcr Antr\u00e4ge betreffend Verletzung des Rechtes auf Auskunft, Verletzung der Rechte auf Geheimhaltung, auf Richtigstellung oder auf L\u00f6schung ist die Datenschutzbeh\u00f6rde zust\u00e4ndig.<\/p>\n<h3>13. Bekanntgabe von Datenpannen<\/h3>\n<p>Wir sind bem\u00fcht sicherzustellen, dass Datenpannen fr\u00fchzeitig erkannt und gegebenenfalls unverz\u00fcglich Ihnen bzw. der zust\u00e4ndigen Aufsichtsbeh\u00f6rde unter Einbezug der jeweiligen Datenkategorien, die betroffen sind, gemeldet werden.<\/p>\n<h3>14. Unsere Kontaktdaten &#8211; Ansprechperson<\/h3>\n<p>Anfragen und die Geltendmachung Ihrer Rechte k\u00f6nnen Sie jederzeit kostenfrei an folgende verantwortliche Stelle richten:<\/p>\n<p>Genser Reisen GmbH<br \/>\nRingstrasse 28<br \/>\n8344 Bad Gleichenberg<\/p>\n<p>&nbsp;<\/p>\n<p>Stand: Februar 2019<\/p>\n","protected":false},"excerpt":{"rendered":"<p>Datenschutzerkl\u00e4rung Der Schutz Ihrer personenbezogenen Daten ist uns ein besonderes Anliegen. Daher halten wir uns beim Erheben und Verarbeiten Ihrer personenbezogenen Daten streng an die gesetzlichen Vorgaben (DSGVO und DSG-Anpassungsgesetz 2018). Nachfolgend wollen wir Sie ausf\u00fchrlich \u00fcber den Umfang und den Zweck unserer Datenverarbeitung sowie Ihre Rechte als Betroffene bzw Betroffener der Datenverarbeitung informieren. Es <a class=\"read-more mod-post\" href=\"https:\/\/genser-reisen.at\/wp-genser\/datenschutz\/\">Mehr lesen<\/a> &rarr;<\/p>\n","protected":false},"author":1,"featured_media":0,"parent":0,"menu_order":0,"comment_status":"closed","ping_status":"closed","template":"","meta":{"footnotes":""},"class_list":["post-1763","page","type-page","status-publish","hentry"],"_links":{"self":[{"href":"https:\/\/genser-reisen.at\/wp-genser\/wp-json\/wp\/v2\/pages\/1763","targetHints":{"allow":["GET"]}}],"collection":[{"href":"https:\/\/genser-reisen.at\/wp-genser\/wp-json\/wp\/v2\/pages"}],"about":[{"href":"https:\/\/genser-reisen.at\/wp-genser\/wp-json\/wp\/v2\/types\/page"}],"author":[{"embeddable":true,"href":"https:\/\/genser-reisen.at\/wp-genser\/wp-json\/wp\/v2\/users\/1"}],"replies":[{"embeddable":true,"href":"https:\/\/genser-reisen.at\/wp-genser\/wp-json\/wp\/v2\/comments?post=1763"}],"version-history":[{"count":5,"href":"https:\/\/genser-reisen.at\/wp-genser\/wp-json\/wp\/v2\/pages\/1763\/revisions"}],"predecessor-version":[{"id":1768,"href":"https:\/\/genser-reisen.at\/wp-genser\/wp-json\/wp\/v2\/pages\/1763\/revisions\/1768"}],"wp:attachment":[{"href":"https:\/\/genser-reisen.at\/wp-genser\/wp-json\/wp\/v2\/media?parent=1763"}],"curies":[{"name":"wp","href":"https:\/\/api.w.org\/{rel}","templated":true}]}}