{"id":12,"date":"2015-03-31T20:55:29","date_gmt":"2015-03-31T18:55:29","guid":{"rendered":"http:\/\/genser-reisen.at\/wp-genser\/?page_id=12"},"modified":"2015-04-26T22:14:00","modified_gmt":"2015-04-26T20:14:00","slug":"ueber-uns","status":"publish","type":"page","link":"https:\/\/genser-reisen.at\/wp-genser\/ueber-uns\/","title":{"rendered":"Genser Reisen GmbH \u2013 Der Familienbetrieb f\u00fcr entspanntes Reisen"},"content":{"rendered":"<p>Unser Busunternehmen und Reiseb\u00fcro befindet sich mitten im Vulkanland, im kaiserlichen Kurort Bad Gleichenberg. Wir haben uns darauf spezialisiert, Ihnen in perfekt organisierten Reisen die sch\u00f6nsten Pl\u00e4tze und Landschaften in ganz Europa n\u00e4her zu bringen.<\/p>\n<p>Unser Angebot reicht von Taxidiensten, Hausabholungen Wien-Bad Gleichenberg-Wien \u00fcber organisierte Ausflugsfahrten im In- und Ausland bis hin zu Sch\u00fcler- und Krankentransporte.<\/p>\n<p>Unsere Philosophie ist es mit einem jungen, dynamischen Team und einem modernen Fuhrpark ein sicheres und entspanntes Reisen in angenehmer Atmosph\u00e4re zu erm\u00f6glichen.<\/p>\n<p>Flexibilit\u00e4t, Kundenorientierung, erfahrene und freundliche Chauffeure, sind die Visitenkarte unseres Familienbetriebes.<\/p>\n","protected":false},"excerpt":{"rendered":"<p>Unser Busunternehmen und Reiseb\u00fcro befindet sich mitten im Vulkanland, im kaiserlichen Kurort Bad Gleichenberg. Wir haben uns darauf spezialisiert, Ihnen in perfekt organisierten Reisen die sch\u00f6nsten Pl\u00e4tze und Landschaften in ganz Europa n\u00e4her zu bringen. Unser Angebot reicht von Taxidiensten, Hausabholungen Wien-Bad Gleichenberg-Wien \u00fcber organisierte Ausflugsfahrten im In- und Ausland bis hin zu Sch\u00fcler- und <a class=\"read-more mod-post\" href=\"https:\/\/genser-reisen.at\/wp-genser\/ueber-uns\/\">Mehr lesen<\/a> &rarr;<\/p>\n","protected":false},"author":1,"featured_media":0,"parent":0,"menu_order":0,"comment_status":"closed","ping_status":"closed","template":"","meta":{"footnotes":""},"class_list":["post-12","page","type-page","status-publish","hentry"],"_links":{"self":[{"href":"https:\/\/genser-reisen.at\/wp-genser\/wp-json\/wp\/v2\/pages\/12","targetHints":{"allow":["GET"]}}],"collection":[{"href":"https:\/\/genser-reisen.at\/wp-genser\/wp-json\/wp\/v2\/pages"}],"about":[{"href":"https:\/\/genser-reisen.at\/wp-genser\/wp-json\/wp\/v2\/types\/page"}],"author":[{"embeddable":true,"href":"https:\/\/genser-reisen.at\/wp-genser\/wp-json\/wp\/v2\/users\/1"}],"replies":[{"embeddable":true,"href":"https:\/\/genser-reisen.at\/wp-genser\/wp-json\/wp\/v2\/comments?post=12"}],"version-history":[{"count":10,"href":"https:\/\/genser-reisen.at\/wp-genser\/wp-json\/wp\/v2\/pages\/12\/revisions"}],"predecessor-version":[{"id":529,"href":"https:\/\/genser-reisen.at\/wp-genser\/wp-json\/wp\/v2\/pages\/12\/revisions\/529"}],"wp:attachment":[{"href":"https:\/\/genser-reisen.at\/wp-genser\/wp-json\/wp\/v2\/media?parent=12"}],"curies":[{"name":"wp","href":"https:\/\/api.w.org\/{rel}","templated":true}]}}